{"id":2095,"date":"2021-07-01T13:58:29","date_gmt":"2021-07-01T13:58:29","guid":{"rendered":"https:\/\/k91y7tbwrjk.preview.infomaniak.website\/?page_id=2095"},"modified":"2024-07-15T15:28:13","modified_gmt":"2024-07-15T13:28:13","slug":"contacts","status":"publish","type":"page","link":"https:\/\/rendezvous-vda.it\/fr\/contacts\/","title":{"rendered":"Contacts"},"content":{"rendered":"\t\t<div data-elementor-type=\"wp-page\" data-elementor-id=\"2095\" class=\"elementor elementor-2095 elementor-21\" data-elementor-post-type=\"page\">\n\t\t\t\t\t\t<section class=\"elementor-section elementor-top-section elementor-element elementor-element-dd4379e elementor-section-height-min-height elementor-section-items-stretch elementor-section-boxed elementor-section-height-default\" data-id=\"dd4379e\" data-element_type=\"section\" data-e-type=\"section\">\n\t\t\t\t\t\t<div class=\"elementor-container elementor-column-gap-default\">\n\t\t\t\t\t<div class=\"elementor-column elementor-col-100 elementor-top-column elementor-element elementor-element-af8f9c0\" data-id=\"af8f9c0\" data-element_type=\"column\" data-e-type=\"column\" data-settings=\"{&quot;background_background&quot;:&quot;classic&quot;}\">\n\t\t\t<div class=\"elementor-widget-wrap\">\n\t\t\t\t\t\t\t<\/div>\n\t\t<\/div>\n\t\t\t\t\t<\/div>\n\t\t<\/section>\n\t\t\t\t<section class=\"elementor-section elementor-top-section elementor-element elementor-element-bcbc1a1 elementor-section-boxed elementor-section-height-default elementor-section-height-default\" data-id=\"bcbc1a1\" data-element_type=\"section\" data-e-type=\"section\">\n\t\t\t\t\t\t<div class=\"elementor-container elementor-column-gap-default\">\n\t\t\t\t\t<div class=\"elementor-column elementor-col-50 elementor-top-column elementor-element elementor-element-33a09fd\" data-id=\"33a09fd\" data-element_type=\"column\" data-e-type=\"column\">\n\t\t\t<div class=\"elementor-widget-wrap elementor-element-populated\">\n\t\t\t\t\t\t<div class=\"elementor-element elementor-element-8b25e8b elementor-widget elementor-widget-heading\" data-id=\"8b25e8b\" data-element_type=\"widget\" data-e-type=\"widget\" data-widget_type=\"heading.default\">\n\t\t\t\t<div class=\"elementor-widget-container\">\n\t\t\t\t\t<h2 class=\"elementor-heading-title elementor-size-default\">L'\u00c9DITEUR<\/h2>\t\t\t\t<\/div>\n\t\t\t\t<\/div>\n\t\t\t\t\t<\/div>\n\t\t<\/div>\n\t\t\t\t<div class=\"elementor-column elementor-col-50 elementor-top-column elementor-element elementor-element-e06a24a\" data-id=\"e06a24a\" data-element_type=\"column\" data-e-type=\"column\">\n\t\t\t<div class=\"elementor-widget-wrap elementor-element-populated\">\n\t\t\t\t\t\t<div class=\"elementor-element elementor-element-7b353b9 elementor-widget elementor-widget-text-editor\" data-id=\"7b353b9\" data-element_type=\"widget\" data-e-type=\"widget\" data-widget_type=\"text-editor.default\">\n\t\t\t\t<div class=\"elementor-widget-container\">\n\t\t\t\t\t\t\t\t\t<p><strong>GEDIRAMA SRL<\/strong><br \/>P.iva 00361470073<br \/>Enregistrement Tribunal de Aoste 28\/07 11 janvier 2008<\/p><p>Num\u00e9ro enregistrement R.O.C 35346<\/p><p><strong>Bureaux<\/strong><\/p><p>Borgnalle 12\\A &#8211; 11100 Aoste &#8211; Vall\u00e9e d&rsquo;Aoste (IT)<br \/>T. <a href=\"tel:+39016531255\">+39.0165.31255<\/a><\/p><p><a href=\"http:\/\/www.gedirama.it\">www.gedirama.it <\/a><a href=\"mailto:info@gedirama.it\">info@gedirama.it<\/a><br \/><a href=\"https:\/\/www.facebook.com\/GediramaSrl\/\">FB Gedirama Comunicazione &amp; Pubblicit\u00e0<\/a><\/p>\t\t\t\t\t\t\t\t<\/div>\n\t\t\t\t<\/div>\n\t\t\t\t<div class=\"elementor-element elementor-element-507d637 elementor-widget elementor-widget-text-editor\" data-id=\"507d637\" data-element_type=\"widget\" data-e-type=\"widget\" data-widget_type=\"text-editor.default\">\n\t\t\t\t<div class=\"elementor-widget-container\">\n\t\t\t\t\t\t\t\t\t<p><strong>LA R\u00c9DACTION<br \/><\/strong><\/p><p><strong> Si\u00e8ge <\/strong><br \/>c\\o Gedirama Srl<br \/>Borgnalle 12\\A &#8211; 11100 &#8211; Aoste &#8211; Vall\u00e9e d&rsquo;Aoste (IT)<br \/>T.<a href=\"tel:+39016531255\">+39.0165.31255<\/a><br \/><a href=\"mailto:info@rendezvous-vda.it\">info@rendezvous-vda.it <\/a> <a href=\"mailto:redazione@rendezvous-vda.it\">redazione@rendezvous-vda.it<\/a><\/p><p>Directrice et r\u00e9dactrice en chef<br \/>Stefania Marchiano<br \/><a href=\"mailto:stefania.marchiano@gedirama.it\">stefania.marchiano@gedirama.it<\/a><\/p>\t\t\t\t\t\t\t\t<\/div>\n\t\t\t\t<\/div>\n\t\t\t\t<div class=\"elementor-element elementor-element-7493dfd elementor-widget elementor-widget-text-editor\" data-id=\"7493dfd\" data-element_type=\"widget\" data-e-type=\"widget\" data-widget_type=\"text-editor.default\">\n\t\t\t\t<div class=\"elementor-widget-container\">\n\t\t\t\t\t\t\t\t\t<p><strong>COPYRIGHT<\/strong><\/p><p>Les droits relatifs aux textes, aux images, aux documents audios et vid\u00e9os sont la propri\u00e9t\u00e9 de l\u2019\u00e9diteur.<br \/>La reproduction est interdite avec n\u2019importe quel moyen analogique ou digital sans le consentement \u00e9crit de l\u2019\u00e9diteur.<br \/>Sont autoris\u00e9es les citations \u00e0 titre de chronique, d\u2019\u00e9tude, de critique ou de commentaire pour autant qu\u2019elles soient accompagn\u00e9es de l\u2019indication de la source \u00abRendez-Vous en Vall\u00e9e d\u2019Aoste\u00bb, ainsi que de l\u2019adresse \u00e9lectronique <a href=\"http:\/\/www.rendezvous-vda.it\">www.rendezvous-vda.it<\/a><\/p><p>Sont autoris\u00e9s et bienvenus les liens figurant sur la premi\u00e8re page et sur les pages internes d\u2019autres sites, pour autant que le contexte soit d\u00e9cent : l\u2019\u00e9diteur se r\u00e9serve le droit de demander le retrait du lien selon son jugement sans appel.<\/p>\t\t\t\t\t\t\t\t<\/div>\n\t\t\t\t<\/div>\n\t\t\t\t<div class=\"elementor-element elementor-element-74d05db elementor-widget elementor-widget-text-editor\" data-id=\"74d05db\" data-element_type=\"widget\" data-e-type=\"widget\" data-widget_type=\"text-editor.default\">\n\t\t\t\t<div class=\"elementor-widget-container\">\n\t\t\t\t\t\t\t\t\t<p><strong>OU SOMMES-NOUS<\/strong><\/p>\t\t\t\t\t\t\t\t<\/div>\n\t\t\t\t<\/div>\n\t\t\t\t\t<\/div>\n\t\t<\/div>\n\t\t\t\t\t<\/div>\n\t\t<\/section>\n\t\t\t\t<section class=\"elementor-section elementor-top-section elementor-element elementor-element-f8acf92 elementor-section-boxed elementor-section-height-default elementor-section-height-default\" data-id=\"f8acf92\" data-element_type=\"section\" data-e-type=\"section\">\n\t\t\t\t\t\t<div class=\"elementor-container elementor-column-gap-default\">\n\t\t\t\t\t<div class=\"elementor-column elementor-col-100 elementor-top-column elementor-element elementor-element-481d218\" data-id=\"481d218\" data-element_type=\"column\" data-e-type=\"column\">\n\t\t\t<div class=\"elementor-widget-wrap elementor-element-populated\">\n\t\t\t\t\t\t<div class=\"elementor-element elementor-element-70fc86f elementor-widget elementor-widget-html\" data-id=\"70fc86f\" data-element_type=\"widget\" data-e-type=\"widget\" data-widget_type=\"html.default\">\n\t\t\t\t<div class=\"elementor-widget-container\">\n\t\t\t\t\t<iframe src=\"https:\/\/www.google.com\/maps\/embed?pb=!1m18!1m12!1m3!1d2784.489901392022!2d7.343596550958731!3d45.74132372282776!2m3!1f0!2f0!3f0!3m2!1i1024!2i768!4f13.1!3m3!1m2!1s0x4788df5259da1a47%3A0xc9f463895787a1c7!2sGedirama%20S.R.L.!5e0!3m2!1sit!2sus!4v1623669023122!5m2!1sit!2sus\" width=\"600\" height=\"450\" style=\"border:0;\" allowfullscreen=\"\" loading=\"lazy\"><\/iframe>\t\t\t\t<\/div>\n\t\t\t\t<\/div>\n\t\t\t\t\t<\/div>\n\t\t<\/div>\n\t\t\t\t\t<\/div>\n\t\t<\/section>\n\t\t\t\t<\/div>\n\t\t","protected":false},"excerpt":{"rendered":"<p>L&rsquo;\u00c9DITEUR GEDIRAMA SRLP.iva 00361470073Enregistrement Tribunal de Aoste 28\/07 11 janvier 2008 Num\u00e9ro enregistrement R.O.C 35346 Bureaux Borgnalle 12A &#8211; 11100 Aoste &#8211; Vall\u00e9e d&rsquo;Aoste (IT)T. +39.0165.31255 www.gedirama.it info@gedirama.itFB Gedirama Comunicazione &amp; Pubblicit\u00e0 LA R\u00c9DACTION Si\u00e8ge co Gedirama SrlBorgnalle 12A &#8211; 11100 &#8211; Aoste &#8211; Vall\u00e9e d&rsquo;Aoste (IT)T.+39.0165.31255info@rendezvous-vda.it redazione@rendezvous-vda.it Directrice et r\u00e9dactrice en chefStefania Marchianostefania.marchiano@gedirama.it COPYRIGHT [&hellip;]<\/p>\n","protected":false},"author":1,"featured_media":0,"parent":0,"menu_order":0,"comment_status":"closed","ping_status":"closed","template":"elementor_header_footer","meta":{"footnotes":""},"class_list":["post-2095","page","type-page","status-publish","hentry"],"yoast_head":"<!-- This site is optimized with the Yoast SEO plugin v27.4 - https:\/\/yoast.com\/product\/yoast-seo-wordpress\/ -->\n<title>Contacts - Rendez Vous en Vall\u00e9e d Aoste<\/title>\n<meta name=\"robots\" content=\"index, follow, max-snippet:-1, max-image-preview:large, max-video-preview:-1\" \/>\n<link rel=\"canonical\" href=\"https:\/\/rendezvous-vda.it\/fr\/contacts\/\" \/>\n<meta property=\"og:locale\" content=\"fr_FR\" \/>\n<meta property=\"og:type\" content=\"article\" \/>\n<meta property=\"og:title\" content=\"Contacts - Rendez Vous en Vall\u00e9e d Aoste\" \/>\n<meta property=\"og:description\" content=\"L&rsquo;\u00c9DITEUR GEDIRAMA SRLP.iva 00361470073Enregistrement Tribunal de Aoste 28\/07 11 janvier 2008 Num\u00e9ro enregistrement R.O.C 35346 Bureaux Borgnalle 12A &#8211; 11100 Aoste &#8211; Vall\u00e9e d&rsquo;Aoste (IT)T. +39.0165.31255 www.gedirama.it info@gedirama.itFB Gedirama Comunicazione &amp; Pubblicit\u00e0 LA R\u00c9DACTION Si\u00e8ge co Gedirama SrlBorgnalle 12A &#8211; 11100 &#8211; Aoste &#8211; Vall\u00e9e d&rsquo;Aoste (IT)T.+39.0165.31255info@rendezvous-vda.it redazione@rendezvous-vda.it Directrice et r\u00e9dactrice en chefStefania Marchianostefania.marchiano@gedirama.it COPYRIGHT [&hellip;]\" \/>\n<meta property=\"og:url\" content=\"https:\/\/rendezvous-vda.it\/fr\/contacts\/\" \/>\n<meta property=\"og:site_name\" content=\"Rendez Vous en Vall\u00e9e d Aoste\" \/>\n<meta property=\"article:modified_time\" content=\"2024-07-15T13:28:13+00:00\" \/>\n<meta name=\"twitter:card\" content=\"summary_large_image\" \/>\n<meta name=\"twitter:label1\" content=\"Dur\u00e9e de lecture estim\u00e9e\" \/>\n\t<meta name=\"twitter:data1\" content=\"1 minute\" \/>\n<script type=\"application\/ld+json\" class=\"yoast-schema-graph\">{\"@context\":\"https:\\\/\\\/schema.org\",\"@graph\":[{\"@type\":\"WebPage\",\"@id\":\"https:\\\/\\\/rendezvous-vda.it\\\/fr\\\/contacts\\\/\",\"url\":\"https:\\\/\\\/rendezvous-vda.it\\\/fr\\\/contacts\\\/\",\"name\":\"Contacts - Rendez Vous en Vall\u00e9e d Aoste\",\"isPartOf\":{\"@id\":\"https:\\\/\\\/rendezvous-vda.it\\\/#website\"},\"datePublished\":\"2021-07-01T13:58:29+00:00\",\"dateModified\":\"2024-07-15T13:28:13+00:00\",\"breadcrumb\":{\"@id\":\"https:\\\/\\\/rendezvous-vda.it\\\/fr\\\/contacts\\\/#breadcrumb\"},\"inLanguage\":\"fr-FR\",\"potentialAction\":[{\"@type\":\"ReadAction\",\"target\":[\"https:\\\/\\\/rendezvous-vda.it\\\/fr\\\/contacts\\\/\"]}]},{\"@type\":\"BreadcrumbList\",\"@id\":\"https:\\\/\\\/rendezvous-vda.it\\\/fr\\\/contacts\\\/#breadcrumb\",\"itemListElement\":[{\"@type\":\"ListItem\",\"position\":1,\"name\":\"Home\",\"item\":\"https:\\\/\\\/rendezvous-vda.it\\\/fr\\\/\"},{\"@type\":\"ListItem\",\"position\":2,\"name\":\"Contacts\"}]},{\"@type\":\"WebSite\",\"@id\":\"https:\\\/\\\/rendezvous-vda.it\\\/#website\",\"url\":\"https:\\\/\\\/rendezvous-vda.it\\\/\",\"name\":\"Rendez Vous en Vall\u00e9e d Aoste\",\"description\":\"Arte, Cultura, Sport, Tradizioni, Enogastronomia, Tempo libero...\",\"publisher\":{\"@id\":\"https:\\\/\\\/rendezvous-vda.it\\\/#organization\"},\"potentialAction\":[{\"@type\":\"SearchAction\",\"target\":{\"@type\":\"EntryPoint\",\"urlTemplate\":\"https:\\\/\\\/rendezvous-vda.it\\\/?s={search_term_string}\"},\"query-input\":{\"@type\":\"PropertyValueSpecification\",\"valueRequired\":true,\"valueName\":\"search_term_string\"}}],\"inLanguage\":\"fr-FR\"},{\"@type\":\"Organization\",\"@id\":\"https:\\\/\\\/rendezvous-vda.it\\\/#organization\",\"name\":\"Rendez Vous en Vall\u00e9e d Aoste\",\"url\":\"https:\\\/\\\/rendezvous-vda.it\\\/\",\"logo\":{\"@type\":\"ImageObject\",\"inLanguage\":\"fr-FR\",\"@id\":\"https:\\\/\\\/rendezvous-vda.it\\\/#\\\/schema\\\/logo\\\/image\\\/\",\"url\":\"https:\\\/\\\/rendezvous-vda.it\\\/wp-content\\\/uploads\\\/2021\\\/05\\\/R.V_ITA-450.png\",\"contentUrl\":\"https:\\\/\\\/rendezvous-vda.it\\\/wp-content\\\/uploads\\\/2021\\\/05\\\/R.V_ITA-450.png\",\"width\":450,\"height\":83,\"caption\":\"Rendez Vous en Vall\u00e9e d Aoste\"},\"image\":{\"@id\":\"https:\\\/\\\/rendezvous-vda.it\\\/#\\\/schema\\\/logo\\\/image\\\/\"}}]}<\/script>\n<!-- \/ Yoast SEO plugin. -->","yoast_head_json":{"title":"Contacts - Rendez Vous en Vall\u00e9e d Aoste","robots":{"index":"index","follow":"follow","max-snippet":"max-snippet:-1","max-image-preview":"max-image-preview:large","max-video-preview":"max-video-preview:-1"},"canonical":"https:\/\/rendezvous-vda.it\/fr\/contacts\/","og_locale":"fr_FR","og_type":"article","og_title":"Contacts - Rendez Vous en Vall\u00e9e d Aoste","og_description":"L&rsquo;\u00c9DITEUR GEDIRAMA SRLP.iva 00361470073Enregistrement Tribunal de Aoste 28\/07 11 janvier 2008 Num\u00e9ro enregistrement R.O.C 35346 Bureaux Borgnalle 12A &#8211; 11100 Aoste &#8211; Vall\u00e9e d&rsquo;Aoste (IT)T. +39.0165.31255 www.gedirama.it info@gedirama.itFB Gedirama Comunicazione &amp; Pubblicit\u00e0 LA R\u00c9DACTION Si\u00e8ge co Gedirama SrlBorgnalle 12A &#8211; 11100 &#8211; Aoste &#8211; Vall\u00e9e d&rsquo;Aoste (IT)T.+39.0165.31255info@rendezvous-vda.it redazione@rendezvous-vda.it Directrice et r\u00e9dactrice en chefStefania Marchianostefania.marchiano@gedirama.it COPYRIGHT [&hellip;]","og_url":"https:\/\/rendezvous-vda.it\/fr\/contacts\/","og_site_name":"Rendez Vous en Vall\u00e9e d Aoste","article_modified_time":"2024-07-15T13:28:13+00:00","twitter_card":"summary_large_image","twitter_misc":{"Dur\u00e9e de lecture estim\u00e9e":"1 minute"},"schema":{"@context":"https:\/\/schema.org","@graph":[{"@type":"WebPage","@id":"https:\/\/rendezvous-vda.it\/fr\/contacts\/","url":"https:\/\/rendezvous-vda.it\/fr\/contacts\/","name":"Contacts - Rendez Vous en Vall\u00e9e d Aoste","isPartOf":{"@id":"https:\/\/rendezvous-vda.it\/#website"},"datePublished":"2021-07-01T13:58:29+00:00","dateModified":"2024-07-15T13:28:13+00:00","breadcrumb":{"@id":"https:\/\/rendezvous-vda.it\/fr\/contacts\/#breadcrumb"},"inLanguage":"fr-FR","potentialAction":[{"@type":"ReadAction","target":["https:\/\/rendezvous-vda.it\/fr\/contacts\/"]}]},{"@type":"BreadcrumbList","@id":"https:\/\/rendezvous-vda.it\/fr\/contacts\/#breadcrumb","itemListElement":[{"@type":"ListItem","position":1,"name":"Home","item":"https:\/\/rendezvous-vda.it\/fr\/"},{"@type":"ListItem","position":2,"name":"Contacts"}]},{"@type":"WebSite","@id":"https:\/\/rendezvous-vda.it\/#website","url":"https:\/\/rendezvous-vda.it\/","name":"Rendez Vous en Vall\u00e9e d Aoste","description":"Arte, Cultura, Sport, Tradizioni, Enogastronomia, Tempo libero...","publisher":{"@id":"https:\/\/rendezvous-vda.it\/#organization"},"potentialAction":[{"@type":"SearchAction","target":{"@type":"EntryPoint","urlTemplate":"https:\/\/rendezvous-vda.it\/?s={search_term_string}"},"query-input":{"@type":"PropertyValueSpecification","valueRequired":true,"valueName":"search_term_string"}}],"inLanguage":"fr-FR"},{"@type":"Organization","@id":"https:\/\/rendezvous-vda.it\/#organization","name":"Rendez Vous en Vall\u00e9e d Aoste","url":"https:\/\/rendezvous-vda.it\/","logo":{"@type":"ImageObject","inLanguage":"fr-FR","@id":"https:\/\/rendezvous-vda.it\/#\/schema\/logo\/image\/","url":"https:\/\/rendezvous-vda.it\/wp-content\/uploads\/2021\/05\/R.V_ITA-450.png","contentUrl":"https:\/\/rendezvous-vda.it\/wp-content\/uploads\/2021\/05\/R.V_ITA-450.png","width":450,"height":83,"caption":"Rendez Vous en Vall\u00e9e d Aoste"},"image":{"@id":"https:\/\/rendezvous-vda.it\/#\/schema\/logo\/image\/"}}]}},"_links":{"self":[{"href":"https:\/\/rendezvous-vda.it\/fr\/wp-json\/wp\/v2\/pages\/2095","targetHints":{"allow":["GET"]}}],"collection":[{"href":"https:\/\/rendezvous-vda.it\/fr\/wp-json\/wp\/v2\/pages"}],"about":[{"href":"https:\/\/rendezvous-vda.it\/fr\/wp-json\/wp\/v2\/types\/page"}],"author":[{"embeddable":true,"href":"https:\/\/rendezvous-vda.it\/fr\/wp-json\/wp\/v2\/users\/1"}],"replies":[{"embeddable":true,"href":"https:\/\/rendezvous-vda.it\/fr\/wp-json\/wp\/v2\/comments?post=2095"}],"version-history":[{"count":0,"href":"https:\/\/rendezvous-vda.it\/fr\/wp-json\/wp\/v2\/pages\/2095\/revisions"}],"wp:attachment":[{"href":"https:\/\/rendezvous-vda.it\/fr\/wp-json\/wp\/v2\/media?parent=2095"}],"curies":[{"name":"wp","href":"https:\/\/api.w.org\/{rel}","templated":true}]}}