{"id":2078,"date":"2021-07-01T13:53:36","date_gmt":"2021-07-01T13:53:36","guid":{"rendered":"https:\/\/k91y7tbwrjk.preview.infomaniak.website\/?page_id=2078"},"modified":"2021-07-07T16:32:21","modified_gmt":"2021-07-07T14:32:21","slug":"fact-checking-et-deontologie","status":"publish","type":"page","link":"https:\/\/rendezvous-vda.it\/fr\/fact-checking-et-deontologie\/","title":{"rendered":"Fact-checking et D\u00e9ontologie"},"content":{"rendered":"\t\t<div data-elementor-type=\"wp-page\" data-elementor-id=\"2078\" class=\"elementor elementor-2078 elementor-1792\" data-elementor-post-type=\"page\">\n\t\t\t\t\t\t<section class=\"elementor-section elementor-top-section elementor-element elementor-element-305e5fd elementor-section-height-min-height elementor-section-items-stretch elementor-section-boxed elementor-section-height-default\" data-id=\"305e5fd\" data-element_type=\"section\" data-e-type=\"section\">\n\t\t\t\t\t\t<div class=\"elementor-container elementor-column-gap-default\">\n\t\t\t\t\t<div class=\"elementor-column elementor-col-100 elementor-top-column elementor-element elementor-element-da70ab7\" data-id=\"da70ab7\" data-element_type=\"column\" data-e-type=\"column\" data-settings=\"{&quot;background_background&quot;:&quot;classic&quot;}\">\n\t\t\t<div class=\"elementor-widget-wrap\">\n\t\t\t\t\t\t\t<\/div>\n\t\t<\/div>\n\t\t\t\t\t<\/div>\n\t\t<\/section>\n\t\t\t\t<section class=\"elementor-section elementor-top-section elementor-element elementor-element-6a00575 elementor-section-boxed elementor-section-height-default elementor-section-height-default\" data-id=\"6a00575\" data-element_type=\"section\" data-e-type=\"section\">\n\t\t\t\t\t\t<div class=\"elementor-container elementor-column-gap-default\">\n\t\t\t\t\t<div class=\"elementor-column elementor-col-50 elementor-top-column elementor-element elementor-element-127ca2c\" data-id=\"127ca2c\" data-element_type=\"column\" data-e-type=\"column\">\n\t\t\t<div class=\"elementor-widget-wrap elementor-element-populated\">\n\t\t\t\t\t\t\t<\/div>\n\t\t<\/div>\n\t\t\t\t<div class=\"elementor-column elementor-col-50 elementor-top-column elementor-element elementor-element-b3577d6\" data-id=\"b3577d6\" data-element_type=\"column\" data-e-type=\"column\">\n\t\t\t<div class=\"elementor-widget-wrap elementor-element-populated\">\n\t\t\t\t\t\t<div class=\"elementor-element elementor-element-5516e9e elementor-widget elementor-widget-text-editor\" data-id=\"5516e9e\" data-element_type=\"widget\" data-e-type=\"widget\" data-widget_type=\"text-editor.default\">\n\t\t\t\t<div class=\"elementor-widget-container\">\n\t\t\t\t\t\t\t\t\t<p><strong>NORMATIVA SUL FACT-CHECKING<\/strong><\/p><p class=\"p1\">Il team di Rendez-Vous en Vall\u00e9e d&rsquo;Aoste si impegna quotidianamente per garantire ai lettori un\u2019informazione corretta e veritiera,\u00a0attraverso il fact-checking.<\/p><p class=\"p1\">Al fine di mantenere e tutelare la credibilit\u00e0 della nostra testata, operiamo numerosi controlli affinch\u00e9 gli errori siano ridotti al minimo, per evitare di incorrere nella distribuzione di notizie false.<\/p><p class=\"p1\">La nostra redazione si occupa\u00a0del controllo delle notizie e della valutazione della loro veridicit\u00e0 prevalentemente mediante il confronto con le fonti. Sono sempre ben accolte le segnalazioni che giungono in redazione dai nostri lettori. Anche di quest\u2019ultime viene verificata l\u2019attendibilit\u00e0 prima della pubblicazione.<\/p><p class=\"p1\">Non \u00e8 abitudine della redazione prendere in esame siti e pagine web non affidabili o che condividono e diffondo intenzionalmente notizie false.<\/p><p><strong>NORMATIVA DEONTOLOGICA<\/strong><\/p><p class=\"p1\">Il lavoro della nostra redazione si rif\u00e0 al testo unico\u00a0dei doveri del giornalista approvato dal Consiglio Nazionale nella riunione del 27 gennaio 2016<a href=\"https:\/\/rb.gy\/og5om7\"><span class=\"s2\">\u00a0https:\/\/www.odg.it\/testo-unico-dei-doveri-del-giornalista<\/span><\/a><\/p><p><strong>NORMATIVA SULLE CORREZIONI<\/strong><\/p><p class=\"p1\">Garantiamo sempre il diritto di rettifica, come previsto dalla legge, e i nostri contenuti vengono revisionati anche pi\u00f9 volte al giorno dal nostro team. I nostri lettori, inoltre, possono sempre segnalare eventuali errori all\u2019indirizzo\u00a0<a href=\"mailto:redazione@rendezvous-vda.it%C2%A0\"><span class=\"s2\">redazione@rendezvous-vda.it\u00a0<\/span><\/a><\/p>\t\t\t\t\t\t\t\t<\/div>\n\t\t\t\t<\/div>\n\t\t\t\t\t<\/div>\n\t\t<\/div>\n\t\t\t\t\t<\/div>\n\t\t<\/section>\n\t\t\t\t<\/div>\n\t\t","protected":false},"excerpt":{"rendered":"<p>NORMATIVA SUL FACT-CHECKING Il team di Rendez-Vous en Vall\u00e9e d&rsquo;Aoste si impegna quotidianamente per garantire ai lettori un\u2019informazione corretta e veritiera,\u00a0attraverso il fact-checking. Al fine di mantenere e tutelare la credibilit\u00e0 della nostra testata, operiamo numerosi controlli affinch\u00e9 gli errori siano ridotti al minimo, per evitare di incorrere nella distribuzione di notizie false. La nostra [&hellip;]<\/p>\n","protected":false},"author":1,"featured_media":0,"parent":0,"menu_order":0,"comment_status":"closed","ping_status":"closed","template":"elementor_header_footer","meta":{"footnotes":""},"class_list":["post-2078","page","type-page","status-publish","hentry"],"yoast_head":"<!-- This site is optimized with the Yoast SEO plugin v27.4 - https:\/\/yoast.com\/product\/yoast-seo-wordpress\/ -->\n<title>Fact-checking et D\u00e9ontologie - Rendez Vous en Vall\u00e9e d Aoste<\/title>\n<meta name=\"robots\" content=\"index, follow, max-snippet:-1, max-image-preview:large, max-video-preview:-1\" \/>\n<link rel=\"canonical\" href=\"https:\/\/rendezvous-vda.it\/fr\/fact-checking-et-deontologie\/\" \/>\n<meta property=\"og:locale\" content=\"fr_FR\" \/>\n<meta property=\"og:type\" content=\"article\" \/>\n<meta property=\"og:title\" content=\"Fact-checking et D\u00e9ontologie - Rendez Vous en Vall\u00e9e d Aoste\" \/>\n<meta property=\"og:description\" content=\"NORMATIVA SUL FACT-CHECKING Il team di Rendez-Vous en Vall\u00e9e d&rsquo;Aoste si impegna quotidianamente per garantire ai lettori un\u2019informazione corretta e veritiera,\u00a0attraverso il fact-checking. Al fine di mantenere e tutelare la credibilit\u00e0 della nostra testata, operiamo numerosi controlli affinch\u00e9 gli errori siano ridotti al minimo, per evitare di incorrere nella distribuzione di notizie false. La nostra [&hellip;]\" \/>\n<meta property=\"og:url\" content=\"https:\/\/rendezvous-vda.it\/fr\/fact-checking-et-deontologie\/\" \/>\n<meta property=\"og:site_name\" content=\"Rendez Vous en Vall\u00e9e d Aoste\" \/>\n<meta property=\"article:modified_time\" content=\"2021-07-07T14:32:21+00:00\" \/>\n<meta name=\"twitter:card\" content=\"summary_large_image\" \/>\n<meta name=\"twitter:label1\" content=\"Dur\u00e9e de lecture estim\u00e9e\" \/>\n\t<meta name=\"twitter:data1\" content=\"1 minute\" \/>\n<script type=\"application\/ld+json\" class=\"yoast-schema-graph\">{\"@context\":\"https:\\\/\\\/schema.org\",\"@graph\":[{\"@type\":\"WebPage\",\"@id\":\"https:\\\/\\\/rendezvous-vda.it\\\/fr\\\/fact-checking-et-deontologie\\\/\",\"url\":\"https:\\\/\\\/rendezvous-vda.it\\\/fr\\\/fact-checking-et-deontologie\\\/\",\"name\":\"Fact-checking et D\u00e9ontologie - Rendez Vous en Vall\u00e9e d Aoste\",\"isPartOf\":{\"@id\":\"https:\\\/\\\/rendezvous-vda.it\\\/#website\"},\"datePublished\":\"2021-07-01T13:53:36+00:00\",\"dateModified\":\"2021-07-07T14:32:21+00:00\",\"breadcrumb\":{\"@id\":\"https:\\\/\\\/rendezvous-vda.it\\\/fr\\\/fact-checking-et-deontologie\\\/#breadcrumb\"},\"inLanguage\":\"fr-FR\",\"potentialAction\":[{\"@type\":\"ReadAction\",\"target\":[\"https:\\\/\\\/rendezvous-vda.it\\\/fr\\\/fact-checking-et-deontologie\\\/\"]}]},{\"@type\":\"BreadcrumbList\",\"@id\":\"https:\\\/\\\/rendezvous-vda.it\\\/fr\\\/fact-checking-et-deontologie\\\/#breadcrumb\",\"itemListElement\":[{\"@type\":\"ListItem\",\"position\":1,\"name\":\"Home\",\"item\":\"https:\\\/\\\/rendezvous-vda.it\\\/fr\\\/\"},{\"@type\":\"ListItem\",\"position\":2,\"name\":\"Fact-checking et D\u00e9ontologie\"}]},{\"@type\":\"WebSite\",\"@id\":\"https:\\\/\\\/rendezvous-vda.it\\\/#website\",\"url\":\"https:\\\/\\\/rendezvous-vda.it\\\/\",\"name\":\"Rendez Vous en Vall\u00e9e d Aoste\",\"description\":\"Arte, Cultura, Sport, Tradizioni, Enogastronomia, Tempo libero...\",\"publisher\":{\"@id\":\"https:\\\/\\\/rendezvous-vda.it\\\/#organization\"},\"potentialAction\":[{\"@type\":\"SearchAction\",\"target\":{\"@type\":\"EntryPoint\",\"urlTemplate\":\"https:\\\/\\\/rendezvous-vda.it\\\/?s={search_term_string}\"},\"query-input\":{\"@type\":\"PropertyValueSpecification\",\"valueRequired\":true,\"valueName\":\"search_term_string\"}}],\"inLanguage\":\"fr-FR\"},{\"@type\":\"Organization\",\"@id\":\"https:\\\/\\\/rendezvous-vda.it\\\/#organization\",\"name\":\"Rendez Vous en Vall\u00e9e d Aoste\",\"url\":\"https:\\\/\\\/rendezvous-vda.it\\\/\",\"logo\":{\"@type\":\"ImageObject\",\"inLanguage\":\"fr-FR\",\"@id\":\"https:\\\/\\\/rendezvous-vda.it\\\/#\\\/schema\\\/logo\\\/image\\\/\",\"url\":\"https:\\\/\\\/rendezvous-vda.it\\\/wp-content\\\/uploads\\\/2021\\\/05\\\/R.V_ITA-450.png\",\"contentUrl\":\"https:\\\/\\\/rendezvous-vda.it\\\/wp-content\\\/uploads\\\/2021\\\/05\\\/R.V_ITA-450.png\",\"width\":450,\"height\":83,\"caption\":\"Rendez Vous en Vall\u00e9e d Aoste\"},\"image\":{\"@id\":\"https:\\\/\\\/rendezvous-vda.it\\\/#\\\/schema\\\/logo\\\/image\\\/\"}}]}<\/script>\n<!-- \/ Yoast SEO plugin. -->","yoast_head_json":{"title":"Fact-checking et D\u00e9ontologie - Rendez Vous en Vall\u00e9e d Aoste","robots":{"index":"index","follow":"follow","max-snippet":"max-snippet:-1","max-image-preview":"max-image-preview:large","max-video-preview":"max-video-preview:-1"},"canonical":"https:\/\/rendezvous-vda.it\/fr\/fact-checking-et-deontologie\/","og_locale":"fr_FR","og_type":"article","og_title":"Fact-checking et D\u00e9ontologie - Rendez Vous en Vall\u00e9e d Aoste","og_description":"NORMATIVA SUL FACT-CHECKING Il team di Rendez-Vous en Vall\u00e9e d&rsquo;Aoste si impegna quotidianamente per garantire ai lettori un\u2019informazione corretta e veritiera,\u00a0attraverso il fact-checking. Al fine di mantenere e tutelare la credibilit\u00e0 della nostra testata, operiamo numerosi controlli affinch\u00e9 gli errori siano ridotti al minimo, per evitare di incorrere nella distribuzione di notizie false. La nostra [&hellip;]","og_url":"https:\/\/rendezvous-vda.it\/fr\/fact-checking-et-deontologie\/","og_site_name":"Rendez Vous en Vall\u00e9e d Aoste","article_modified_time":"2021-07-07T14:32:21+00:00","twitter_card":"summary_large_image","twitter_misc":{"Dur\u00e9e de lecture estim\u00e9e":"1 minute"},"schema":{"@context":"https:\/\/schema.org","@graph":[{"@type":"WebPage","@id":"https:\/\/rendezvous-vda.it\/fr\/fact-checking-et-deontologie\/","url":"https:\/\/rendezvous-vda.it\/fr\/fact-checking-et-deontologie\/","name":"Fact-checking et D\u00e9ontologie - Rendez Vous en Vall\u00e9e d Aoste","isPartOf":{"@id":"https:\/\/rendezvous-vda.it\/#website"},"datePublished":"2021-07-01T13:53:36+00:00","dateModified":"2021-07-07T14:32:21+00:00","breadcrumb":{"@id":"https:\/\/rendezvous-vda.it\/fr\/fact-checking-et-deontologie\/#breadcrumb"},"inLanguage":"fr-FR","potentialAction":[{"@type":"ReadAction","target":["https:\/\/rendezvous-vda.it\/fr\/fact-checking-et-deontologie\/"]}]},{"@type":"BreadcrumbList","@id":"https:\/\/rendezvous-vda.it\/fr\/fact-checking-et-deontologie\/#breadcrumb","itemListElement":[{"@type":"ListItem","position":1,"name":"Home","item":"https:\/\/rendezvous-vda.it\/fr\/"},{"@type":"ListItem","position":2,"name":"Fact-checking et D\u00e9ontologie"}]},{"@type":"WebSite","@id":"https:\/\/rendezvous-vda.it\/#website","url":"https:\/\/rendezvous-vda.it\/","name":"Rendez Vous en Vall\u00e9e d Aoste","description":"Arte, Cultura, Sport, Tradizioni, Enogastronomia, Tempo libero...","publisher":{"@id":"https:\/\/rendezvous-vda.it\/#organization"},"potentialAction":[{"@type":"SearchAction","target":{"@type":"EntryPoint","urlTemplate":"https:\/\/rendezvous-vda.it\/?s={search_term_string}"},"query-input":{"@type":"PropertyValueSpecification","valueRequired":true,"valueName":"search_term_string"}}],"inLanguage":"fr-FR"},{"@type":"Organization","@id":"https:\/\/rendezvous-vda.it\/#organization","name":"Rendez Vous en Vall\u00e9e d Aoste","url":"https:\/\/rendezvous-vda.it\/","logo":{"@type":"ImageObject","inLanguage":"fr-FR","@id":"https:\/\/rendezvous-vda.it\/#\/schema\/logo\/image\/","url":"https:\/\/rendezvous-vda.it\/wp-content\/uploads\/2021\/05\/R.V_ITA-450.png","contentUrl":"https:\/\/rendezvous-vda.it\/wp-content\/uploads\/2021\/05\/R.V_ITA-450.png","width":450,"height":83,"caption":"Rendez Vous en Vall\u00e9e d Aoste"},"image":{"@id":"https:\/\/rendezvous-vda.it\/#\/schema\/logo\/image\/"}}]}},"_links":{"self":[{"href":"https:\/\/rendezvous-vda.it\/fr\/wp-json\/wp\/v2\/pages\/2078","targetHints":{"allow":["GET"]}}],"collection":[{"href":"https:\/\/rendezvous-vda.it\/fr\/wp-json\/wp\/v2\/pages"}],"about":[{"href":"https:\/\/rendezvous-vda.it\/fr\/wp-json\/wp\/v2\/types\/page"}],"author":[{"embeddable":true,"href":"https:\/\/rendezvous-vda.it\/fr\/wp-json\/wp\/v2\/users\/1"}],"replies":[{"embeddable":true,"href":"https:\/\/rendezvous-vda.it\/fr\/wp-json\/wp\/v2\/comments?post=2078"}],"version-history":[{"count":0,"href":"https:\/\/rendezvous-vda.it\/fr\/wp-json\/wp\/v2\/pages\/2078\/revisions"}],"wp:attachment":[{"href":"https:\/\/rendezvous-vda.it\/fr\/wp-json\/wp\/v2\/media?parent=2078"}],"curies":[{"name":"wp","href":"https:\/\/api.w.org\/{rel}","templated":true}]}}