{"id":2053,"date":"2021-07-01T13:49:49","date_gmt":"2021-07-01T13:49:49","guid":{"rendered":"https:\/\/k91y7tbwrjk.preview.infomaniak.website\/?page_id=2053"},"modified":"2026-03-26T16:17:19","modified_gmt":"2026-03-26T15:17:19","slug":"suggestions","status":"publish","type":"page","link":"https:\/\/rendezvous-vda.it\/fr\/suggestions\/","title":{"rendered":"Suggestions"},"content":{"rendered":"\t\t<div data-elementor-type=\"wp-page\" data-elementor-id=\"2053\" class=\"elementor elementor-2053 elementor-19\" data-elementor-post-type=\"page\">\n\t\t\t\t\t\t<section class=\"elementor-section elementor-top-section elementor-element elementor-element-46ea1a3b elementor-section-height-min-height elementor-section-items-stretch elementor-section-boxed elementor-section-height-default\" data-id=\"46ea1a3b\" data-element_type=\"section\" data-e-type=\"section\" data-settings=\"{&quot;background_background&quot;:&quot;classic&quot;}\">\n\t\t\t\t\t\t<div class=\"elementor-container elementor-column-gap-default\">\n\t\t\t\t\t<div class=\"elementor-column elementor-col-100 elementor-top-column elementor-element elementor-element-29bb7005\" data-id=\"29bb7005\" data-element_type=\"column\" data-e-type=\"column\" data-settings=\"{&quot;background_background&quot;:&quot;classic&quot;}\">\n\t\t\t<div class=\"elementor-widget-wrap\">\n\t\t\t\t\t\t\t<\/div>\n\t\t<\/div>\n\t\t\t\t\t<\/div>\n\t\t<\/section>\n\t\t\t\t<section class=\"elementor-section elementor-top-section elementor-element elementor-element-5aa7362 elementor-section-boxed elementor-section-height-default elementor-section-height-default\" data-id=\"5aa7362\" data-element_type=\"section\" data-e-type=\"section\">\n\t\t\t\t\t\t<div class=\"elementor-container elementor-column-gap-default\">\n\t\t\t\t\t<div class=\"elementor-column elementor-col-100 elementor-top-column elementor-element elementor-element-c086ea6\" data-id=\"c086ea6\" data-element_type=\"column\" data-e-type=\"column\">\n\t\t\t<div class=\"elementor-widget-wrap\">\n\t\t\t\t\t\t\t<\/div>\n\t\t<\/div>\n\t\t\t\t\t<\/div>\n\t\t<\/section>\n\t\t\t\t<section class=\"elementor-section elementor-top-section elementor-element elementor-element-b447355 elementor-section-boxed elementor-section-height-default elementor-section-height-default\" data-id=\"b447355\" data-element_type=\"section\" data-e-type=\"section\">\n\t\t\t\t\t\t<div class=\"elementor-container elementor-column-gap-default\">\n\t\t\t\t\t<div class=\"elementor-column elementor-col-50 elementor-top-column elementor-element elementor-element-d85c467\" data-id=\"d85c467\" data-element_type=\"column\" data-e-type=\"column\">\n\t\t\t<div class=\"elementor-widget-wrap elementor-element-populated\">\n\t\t\t\t\t\t<div class=\"elementor-element elementor-element-1b3abbf elementor-widget elementor-widget-heading\" data-id=\"1b3abbf\" data-element_type=\"widget\" data-e-type=\"widget\" data-widget_type=\"heading.default\">\n\t\t\t\t<div class=\"elementor-widget-container\">\n\t\t\t\t\t<h2 class=\"elementor-heading-title elementor-size-default\">RENDEZ-VOUS \n<br>CONSEILLE...<\/h2>\t\t\t\t<\/div>\n\t\t\t\t<\/div>\n\t\t\t\t\t<\/div>\n\t\t<\/div>\n\t\t\t\t<div class=\"elementor-column elementor-col-50 elementor-top-column elementor-element elementor-element-0354dc1\" data-id=\"0354dc1\" data-element_type=\"column\" data-e-type=\"column\">\n\t\t\t<div class=\"elementor-widget-wrap elementor-element-populated\">\n\t\t\t\t\t\t<div class=\"elementor-element elementor-element-ea64a83 elementor-widget elementor-widget-text-editor\" data-id=\"ea64a83\" data-element_type=\"widget\" data-e-type=\"widget\" data-widget_type=\"text-editor.default\">\n\t\t\t\t<div class=\"elementor-widget-container\">\n\t\t\t\t\t\t\t\t\t<p>(I.P.) Dans cette section, vous trouverez un aper\u00e7u d\u2019entreprises s\u00e9lectionn\u00e9es ainsi que de nombreux conseils sur les lieux o\u00f9 s\u00e9journer, manger, vous divertir, faire du shopping et, pourquoi pas, prendre soin de votre bien-\u00eatre en Vall\u00e9e d\u2019Aoste.<\/p><p>En cliquant sur chacun des onglets, vous acc\u00e9derez \u00e0 une page publi-r\u00e9dactionnelle d\u00e9di\u00e9e sur laquelle vous pourrez trouver tous les d\u00e9tails relatifs aux offres culturelles et commerciales que nous vous proposons: dans toutes le pages vous trouverez adresses, horaires, coordonn\u00e9es, localisations sur Google Maps, galeries d\u2019images, informations utiles et quelques curiosit\u00e9s.<\/p>\t\t\t\t\t\t\t\t<\/div>\n\t\t\t\t<\/div>\n\t\t\t\t\t<\/div>\n\t\t<\/div>\n\t\t\t\t\t<\/div>\n\t\t<\/section>\n\t\t\t\t<section class=\"elementor-section elementor-top-section elementor-element elementor-element-b90d950 elementor-section-boxed elementor-section-height-default elementor-section-height-default\" data-id=\"b90d950\" data-element_type=\"section\" data-e-type=\"section\" data-settings=\"{&quot;background_background&quot;:&quot;classic&quot;}\">\n\t\t\t\t\t\t<div class=\"elementor-container elementor-column-gap-default\">\n\t\t\t\t\t<div class=\"elementor-column elementor-col-100 elementor-top-column elementor-element elementor-element-24b3bfc\" data-id=\"24b3bfc\" data-element_type=\"column\" data-e-type=\"column\">\n\t\t\t<div class=\"elementor-widget-wrap elementor-element-populated\">\n\t\t\t\t\t\t<section class=\"elementor-section elementor-inner-section elementor-element elementor-element-4098932 elementor-section-boxed elementor-section-height-default elementor-section-height-default\" data-id=\"4098932\" data-element_type=\"section\" data-e-type=\"section\">\n\t\t\t\t\t\t<div class=\"elementor-container elementor-column-gap-default\">\n\t\t\t\t\t<div class=\"elementor-column elementor-col-33 elementor-inner-column elementor-element elementor-element-a80bdef\" data-id=\"a80bdef\" data-element_type=\"column\" data-e-type=\"column\">\n\t\t\t<div class=\"elementor-widget-wrap\">\n\t\t\t\t\t\t\t<\/div>\n\t\t<\/div>\n\t\t\t\t<div class=\"elementor-column elementor-col-33 elementor-inner-column elementor-element elementor-element-eb4be40 elementor-hidden-phone\" data-id=\"eb4be40\" data-element_type=\"column\" data-e-type=\"column\">\n\t\t\t<div class=\"elementor-widget-wrap\">\n\t\t\t\t\t\t\t<\/div>\n\t\t<\/div>\n\t\t\t\t<div class=\"elementor-column elementor-col-33 elementor-inner-column elementor-element elementor-element-ab3908c\" data-id=\"ab3908c\" data-element_type=\"column\" data-e-type=\"column\">\n\t\t\t<div class=\"elementor-widget-wrap elementor-element-populated\">\n\t\t\t\t\t\t<div class=\"elementor-element elementor-element-2b5fd72 elementor-nav-menu__text-align-aside elementor-widget elementor-widget-nav-menu\" data-id=\"2b5fd72\" data-element_type=\"widget\" data-e-type=\"widget\" data-settings=\"{&quot;layout&quot;:&quot;dropdown&quot;,&quot;submenu_icon&quot;:{&quot;value&quot;:&quot;&lt;i class=\\&quot;fas fa-chevron-down\\&quot; aria-hidden=\\&quot;true\\&quot;&gt;&lt;\\\/i&gt;&quot;,&quot;library&quot;:&quot;fa-solid&quot;}}\" data-widget_type=\"nav-menu.default\">\n\t\t\t\t<div class=\"elementor-widget-container\">\n\t\t\t\t\t\t\t\t<nav class=\"elementor-nav-menu--dropdown elementor-nav-menu__container\" aria-hidden=\"true\">\n\t\t\t\t<ul id=\"menu-2-2b5fd72\" class=\"elementor-nav-menu\"><li class=\"menu-item menu-item-type-custom menu-item-object-custom menu-item-has-children menu-item-3378\"><a class=\"elementor-item\" tabindex=\"-1\">Filtrer par cat\u00e9gories<\/a>\n<ul class=\"sub-menu elementor-nav-menu--dropdown\">\n\t<li class=\"menu-item menu-item-type-taxonomy menu-item-object-category menu-item-3353\"><a href=\"https:\/\/rendezvous-vda.it\/fr\/category\/suggestions\/bien-etre\/\" class=\"elementor-sub-item\" tabindex=\"-1\">Bien-\u00eatre<\/a><\/li>\n\t<li class=\"menu-item menu-item-type-taxonomy menu-item-object-category menu-item-3354\"><a href=\"https:\/\/rendezvous-vda.it\/fr\/category\/suggestions\/hypermarche\/\" class=\"elementor-sub-item\" tabindex=\"-1\">Hypermarch\u00e9<\/a><\/li>\n\t<li class=\"menu-item menu-item-type-taxonomy menu-item-object-category menu-item-3355\"><a href=\"https:\/\/rendezvous-vda.it\/fr\/category\/suggestions\/imprimerie\/\" class=\"elementor-sub-item\" tabindex=\"-1\">Imprimerie<\/a><\/li>\n\t<li class=\"menu-item menu-item-type-taxonomy menu-item-object-category menu-item-3356\"><a href=\"https:\/\/rendezvous-vda.it\/fr\/category\/suggestions\/moteurs\/\" class=\"elementor-sub-item\" tabindex=\"-1\">Moteurs<\/a><\/li>\n\t<li class=\"menu-item menu-item-type-taxonomy menu-item-object-category menu-item-3357\"><a href=\"https:\/\/rendezvous-vda.it\/fr\/category\/suggestions\/ou-dormir\/\" class=\"elementor-sub-item\" tabindex=\"-1\">O\u00f9 dormir<\/a><\/li>\n\t<li class=\"menu-item menu-item-type-taxonomy menu-item-object-category menu-item-3358\"><a href=\"https:\/\/rendezvous-vda.it\/fr\/category\/suggestions\/ou-manger-et-boire\/\" class=\"elementor-sub-item\" tabindex=\"-1\">O\u00f9 manger et boire<\/a><\/li>\n\t<li class=\"menu-item menu-item-type-taxonomy menu-item-object-category menu-item-3359\"><a href=\"https:\/\/rendezvous-vda.it\/fr\/category\/suggestions\/sante\/\" class=\"elementor-sub-item\" tabindex=\"-1\">Sant\u00e9<\/a><\/li>\n\t<li class=\"menu-item menu-item-type-taxonomy menu-item-object-category menu-item-3360\"><a href=\"https:\/\/rendezvous-vda.it\/fr\/category\/suggestions\/shopping-fr\/\" class=\"elementor-sub-item\" tabindex=\"-1\">Shopping<\/a><\/li>\n\t<li class=\"menu-item menu-item-type-taxonomy menu-item-object-category menu-item-3361\"><a href=\"https:\/\/rendezvous-vda.it\/fr\/category\/suggestions\/traditions\/\" class=\"elementor-sub-item\" tabindex=\"-1\">Traditions<\/a><\/li>\n\t<li class=\"menu-item menu-item-type-taxonomy menu-item-object-category menu-item-3362\"><a href=\"https:\/\/rendezvous-vda.it\/fr\/category\/suggestions\/viabilite\/\" class=\"elementor-sub-item\" tabindex=\"-1\">Viabilit\u00e9<\/a><\/li>\n<\/ul>\n<\/li>\n<\/ul>\t\t\t<\/nav>\n\t\t\t\t\t\t<\/div>\n\t\t\t\t<\/div>\n\t\t\t\t\t<\/div>\n\t\t<\/div>\n\t\t\t\t\t<\/div>\n\t\t<\/section>\n\t\t\t\t\t<\/div>\n\t\t<\/div>\n\t\t\t\t\t<\/div>\n\t\t<\/section>\n\t\t\t\t<\/div>\n\t\t","protected":false},"excerpt":{"rendered":"<p>RENDEZ-VOUS CONSEILLE&#8230; (I.P.) Dans cette section, vous trouverez un aper\u00e7u d\u2019entreprises s\u00e9lectionn\u00e9es ainsi que de nombreux conseils sur les lieux o\u00f9 s\u00e9journer, manger, vous divertir, faire du shopping et, pourquoi pas, prendre soin de votre bien-\u00eatre en Vall\u00e9e d\u2019Aoste. En cliquant sur chacun des onglets, vous acc\u00e9derez \u00e0 une page publi-r\u00e9dactionnelle d\u00e9di\u00e9e sur laquelle vous [&hellip;]<\/p>\n","protected":false},"author":1,"featured_media":0,"parent":0,"menu_order":0,"comment_status":"closed","ping_status":"closed","template":"elementor_header_footer","meta":{"footnotes":""},"class_list":["post-2053","page","type-page","status-publish","hentry"],"yoast_head":"<!-- This site is optimized with the Yoast SEO plugin v27.4 - https:\/\/yoast.com\/product\/yoast-seo-wordpress\/ -->\n<title>Suggestions - Rendez Vous en Vall\u00e9e d Aoste<\/title>\n<meta name=\"robots\" content=\"index, follow, max-snippet:-1, max-image-preview:large, max-video-preview:-1\" \/>\n<link rel=\"canonical\" href=\"https:\/\/rendezvous-vda.it\/fr\/suggestions\/\" \/>\n<meta property=\"og:locale\" content=\"fr_FR\" \/>\n<meta property=\"og:type\" content=\"article\" \/>\n<meta property=\"og:title\" content=\"Suggestions - Rendez Vous en Vall\u00e9e d Aoste\" \/>\n<meta property=\"og:description\" content=\"RENDEZ-VOUS CONSEILLE&#8230; (I.P.) Dans cette section, vous trouverez un aper\u00e7u d\u2019entreprises s\u00e9lectionn\u00e9es ainsi que de nombreux conseils sur les lieux o\u00f9 s\u00e9journer, manger, vous divertir, faire du shopping et, pourquoi pas, prendre soin de votre bien-\u00eatre en Vall\u00e9e d\u2019Aoste. En cliquant sur chacun des onglets, vous acc\u00e9derez \u00e0 une page publi-r\u00e9dactionnelle d\u00e9di\u00e9e sur laquelle vous [&hellip;]\" \/>\n<meta property=\"og:url\" content=\"https:\/\/rendezvous-vda.it\/fr\/suggestions\/\" \/>\n<meta property=\"og:site_name\" content=\"Rendez Vous en Vall\u00e9e d Aoste\" \/>\n<meta property=\"article:modified_time\" content=\"2026-03-26T15:17:19+00:00\" \/>\n<meta property=\"og:image\" content=\"https:\/\/rendezvous-vda.it\/wp-content\/uploads\/2021\/11\/QK1A2098.jpg\" \/>\n\t<meta property=\"og:image:width\" content=\"1200\" \/>\n\t<meta property=\"og:image:height\" content=\"800\" \/>\n\t<meta property=\"og:image:type\" content=\"image\/jpeg\" \/>\n<meta name=\"twitter:card\" content=\"summary_large_image\" \/>\n<meta name=\"twitter:label1\" content=\"Dur\u00e9e de lecture estim\u00e9e\" \/>\n\t<meta name=\"twitter:data1\" content=\"4 minutes\" \/>\n<script type=\"application\/ld+json\" class=\"yoast-schema-graph\">{\"@context\":\"https:\\\/\\\/schema.org\",\"@graph\":[{\"@type\":\"WebPage\",\"@id\":\"https:\\\/\\\/rendezvous-vda.it\\\/fr\\\/suggestions\\\/\",\"url\":\"https:\\\/\\\/rendezvous-vda.it\\\/fr\\\/suggestions\\\/\",\"name\":\"Suggestions - Rendez Vous en Vall\u00e9e d Aoste\",\"isPartOf\":{\"@id\":\"https:\\\/\\\/rendezvous-vda.it\\\/#website\"},\"datePublished\":\"2021-07-01T13:49:49+00:00\",\"dateModified\":\"2026-03-26T15:17:19+00:00\",\"breadcrumb\":{\"@id\":\"https:\\\/\\\/rendezvous-vda.it\\\/fr\\\/suggestions\\\/#breadcrumb\"},\"inLanguage\":\"fr-FR\",\"potentialAction\":[{\"@type\":\"ReadAction\",\"target\":[\"https:\\\/\\\/rendezvous-vda.it\\\/fr\\\/suggestions\\\/\"]}]},{\"@type\":\"BreadcrumbList\",\"@id\":\"https:\\\/\\\/rendezvous-vda.it\\\/fr\\\/suggestions\\\/#breadcrumb\",\"itemListElement\":[{\"@type\":\"ListItem\",\"position\":1,\"name\":\"Home\",\"item\":\"https:\\\/\\\/rendezvous-vda.it\\\/fr\\\/\"},{\"@type\":\"ListItem\",\"position\":2,\"name\":\"Suggestions\"}]},{\"@type\":\"WebSite\",\"@id\":\"https:\\\/\\\/rendezvous-vda.it\\\/#website\",\"url\":\"https:\\\/\\\/rendezvous-vda.it\\\/\",\"name\":\"Rendez Vous en Vall\u00e9e d Aoste\",\"description\":\"Arte, Cultura, Sport, Tradizioni, Enogastronomia, Tempo libero...\",\"publisher\":{\"@id\":\"https:\\\/\\\/rendezvous-vda.it\\\/#organization\"},\"potentialAction\":[{\"@type\":\"SearchAction\",\"target\":{\"@type\":\"EntryPoint\",\"urlTemplate\":\"https:\\\/\\\/rendezvous-vda.it\\\/?s={search_term_string}\"},\"query-input\":{\"@type\":\"PropertyValueSpecification\",\"valueRequired\":true,\"valueName\":\"search_term_string\"}}],\"inLanguage\":\"fr-FR\"},{\"@type\":\"Organization\",\"@id\":\"https:\\\/\\\/rendezvous-vda.it\\\/#organization\",\"name\":\"Rendez Vous en Vall\u00e9e d Aoste\",\"url\":\"https:\\\/\\\/rendezvous-vda.it\\\/\",\"logo\":{\"@type\":\"ImageObject\",\"inLanguage\":\"fr-FR\",\"@id\":\"https:\\\/\\\/rendezvous-vda.it\\\/#\\\/schema\\\/logo\\\/image\\\/\",\"url\":\"https:\\\/\\\/rendezvous-vda.it\\\/wp-content\\\/uploads\\\/2021\\\/05\\\/R.V_ITA-450.png\",\"contentUrl\":\"https:\\\/\\\/rendezvous-vda.it\\\/wp-content\\\/uploads\\\/2021\\\/05\\\/R.V_ITA-450.png\",\"width\":450,\"height\":83,\"caption\":\"Rendez Vous en Vall\u00e9e d Aoste\"},\"image\":{\"@id\":\"https:\\\/\\\/rendezvous-vda.it\\\/#\\\/schema\\\/logo\\\/image\\\/\"}}]}<\/script>\n<!-- \/ Yoast SEO plugin. -->","yoast_head_json":{"title":"Suggestions - Rendez Vous en Vall\u00e9e d Aoste","robots":{"index":"index","follow":"follow","max-snippet":"max-snippet:-1","max-image-preview":"max-image-preview:large","max-video-preview":"max-video-preview:-1"},"canonical":"https:\/\/rendezvous-vda.it\/fr\/suggestions\/","og_locale":"fr_FR","og_type":"article","og_title":"Suggestions - Rendez Vous en Vall\u00e9e d Aoste","og_description":"RENDEZ-VOUS CONSEILLE&#8230; (I.P.) Dans cette section, vous trouverez un aper\u00e7u d\u2019entreprises s\u00e9lectionn\u00e9es ainsi que de nombreux conseils sur les lieux o\u00f9 s\u00e9journer, manger, vous divertir, faire du shopping et, pourquoi pas, prendre soin de votre bien-\u00eatre en Vall\u00e9e d\u2019Aoste. En cliquant sur chacun des onglets, vous acc\u00e9derez \u00e0 une page publi-r\u00e9dactionnelle d\u00e9di\u00e9e sur laquelle vous [&hellip;]","og_url":"https:\/\/rendezvous-vda.it\/fr\/suggestions\/","og_site_name":"Rendez Vous en Vall\u00e9e d Aoste","article_modified_time":"2026-03-26T15:17:19+00:00","og_image":[{"width":1200,"height":800,"url":"https:\/\/rendezvous-vda.it\/wp-content\/uploads\/2021\/11\/QK1A2098.jpg","type":"image\/jpeg"}],"twitter_card":"summary_large_image","twitter_misc":{"Dur\u00e9e de lecture estim\u00e9e":"4 minutes"},"schema":{"@context":"https:\/\/schema.org","@graph":[{"@type":"WebPage","@id":"https:\/\/rendezvous-vda.it\/fr\/suggestions\/","url":"https:\/\/rendezvous-vda.it\/fr\/suggestions\/","name":"Suggestions - Rendez Vous en Vall\u00e9e d Aoste","isPartOf":{"@id":"https:\/\/rendezvous-vda.it\/#website"},"datePublished":"2021-07-01T13:49:49+00:00","dateModified":"2026-03-26T15:17:19+00:00","breadcrumb":{"@id":"https:\/\/rendezvous-vda.it\/fr\/suggestions\/#breadcrumb"},"inLanguage":"fr-FR","potentialAction":[{"@type":"ReadAction","target":["https:\/\/rendezvous-vda.it\/fr\/suggestions\/"]}]},{"@type":"BreadcrumbList","@id":"https:\/\/rendezvous-vda.it\/fr\/suggestions\/#breadcrumb","itemListElement":[{"@type":"ListItem","position":1,"name":"Home","item":"https:\/\/rendezvous-vda.it\/fr\/"},{"@type":"ListItem","position":2,"name":"Suggestions"}]},{"@type":"WebSite","@id":"https:\/\/rendezvous-vda.it\/#website","url":"https:\/\/rendezvous-vda.it\/","name":"Rendez Vous en Vall\u00e9e d Aoste","description":"Arte, Cultura, Sport, Tradizioni, Enogastronomia, Tempo libero...","publisher":{"@id":"https:\/\/rendezvous-vda.it\/#organization"},"potentialAction":[{"@type":"SearchAction","target":{"@type":"EntryPoint","urlTemplate":"https:\/\/rendezvous-vda.it\/?s={search_term_string}"},"query-input":{"@type":"PropertyValueSpecification","valueRequired":true,"valueName":"search_term_string"}}],"inLanguage":"fr-FR"},{"@type":"Organization","@id":"https:\/\/rendezvous-vda.it\/#organization","name":"Rendez Vous en Vall\u00e9e d Aoste","url":"https:\/\/rendezvous-vda.it\/","logo":{"@type":"ImageObject","inLanguage":"fr-FR","@id":"https:\/\/rendezvous-vda.it\/#\/schema\/logo\/image\/","url":"https:\/\/rendezvous-vda.it\/wp-content\/uploads\/2021\/05\/R.V_ITA-450.png","contentUrl":"https:\/\/rendezvous-vda.it\/wp-content\/uploads\/2021\/05\/R.V_ITA-450.png","width":450,"height":83,"caption":"Rendez Vous en Vall\u00e9e d Aoste"},"image":{"@id":"https:\/\/rendezvous-vda.it\/#\/schema\/logo\/image\/"}}]}},"_links":{"self":[{"href":"https:\/\/rendezvous-vda.it\/fr\/wp-json\/wp\/v2\/pages\/2053","targetHints":{"allow":["GET"]}}],"collection":[{"href":"https:\/\/rendezvous-vda.it\/fr\/wp-json\/wp\/v2\/pages"}],"about":[{"href":"https:\/\/rendezvous-vda.it\/fr\/wp-json\/wp\/v2\/types\/page"}],"author":[{"embeddable":true,"href":"https:\/\/rendezvous-vda.it\/fr\/wp-json\/wp\/v2\/users\/1"}],"replies":[{"embeddable":true,"href":"https:\/\/rendezvous-vda.it\/fr\/wp-json\/wp\/v2\/comments?post=2053"}],"version-history":[{"count":10,"href":"https:\/\/rendezvous-vda.it\/fr\/wp-json\/wp\/v2\/pages\/2053\/revisions"}],"predecessor-version":[{"id":19597,"href":"https:\/\/rendezvous-vda.it\/fr\/wp-json\/wp\/v2\/pages\/2053\/revisions\/19597"}],"wp:attachment":[{"href":"https:\/\/rendezvous-vda.it\/fr\/wp-json\/wp\/v2\/media?parent=2053"}],"curies":[{"name":"wp","href":"https:\/\/api.w.org\/{rel}","templated":true}]}}